{"id":3788,"date":"2022-12-20T09:48:10","date_gmt":"2022-12-20T09:48:10","guid":{"rendered":"https:\/\/sunshine-superior.at\/request\/request-thank-you\/"},"modified":"2023-02-13T10:29:18","modified_gmt":"2023-02-13T10:29:18","slug":"request-thank-you","status":"publish","type":"page","link":"https:\/\/sunshine-superior.at\/en\/request\/request-thank-you\/","title":{"rendered":"request-thank-you"},"content":{"rendered":"\t\t<div data-elementor-type=\"wp-page\" data-elementor-id=\"3788\" class=\"elementor elementor-3788 elementor-3515\" data-elementor-post-type=\"page\">\n\t\t\t\t\t\t<section class=\"elementor-section elementor-top-section elementor-element elementor-element-799a0edf elementor-section-height-min-height elementor-section-boxed elementor-section-height-default elementor-section-items-middle\" data-id=\"799a0edf\" data-element_type=\"section\" data-e-type=\"section\" data-settings=\"{&quot;background_background&quot;:&quot;classic&quot;}\">\n\t\t\t\t\t\t<div class=\"elementor-container elementor-column-gap-default\">\n\t\t\t\t\t<div class=\"elementor-column elementor-col-100 elementor-top-column elementor-element elementor-element-4b8bb441\" data-id=\"4b8bb441\" data-element_type=\"column\" data-e-type=\"column\">\n\t\t\t<div class=\"elementor-widget-wrap elementor-element-populated\">\n\t\t\t\t\t\t<div class=\"elementor-element elementor-element-23f47600 elementor-widget elementor-widget-heading\" data-id=\"23f47600\" data-element_type=\"widget\" data-e-type=\"widget\" data-widget_type=\"heading.default\">\n\t\t\t\t<div class=\"elementor-widget-container\">\n\t\t\t\t\t<h2 class=\"elementor-heading-title elementor-size-default\">Vielen Dank f\u00fcr Ihre Anfrage!<\/h2>\t\t\t\t<\/div>\n\t\t\t\t<\/div>\n\t\t\t\t<div class=\"elementor-element elementor-element-91b870d elementor-widget elementor-widget-heading\" data-id=\"91b870d\" data-element_type=\"widget\" data-e-type=\"widget\" data-widget_type=\"heading.default\">\n\t\t\t\t<div class=\"elementor-widget-container\">\n\t\t\t\t\t<h2 class=\"elementor-heading-title elementor-size-default\">Thank you very much for your request.<\/h2>\t\t\t\t<\/div>\n\t\t\t\t<\/div>\n\t\t\t\t<div class=\"elementor-element elementor-element-79a2007f elementor-widget-divider--view-line elementor-widget elementor-widget-divider\" data-id=\"79a2007f\" data-element_type=\"widget\" data-e-type=\"widget\" data-widget_type=\"divider.default\">\n\t\t\t\t<div class=\"elementor-widget-container\">\n\t\t\t\t\t\t\t<div class=\"elementor-divider\">\n\t\t\t<span class=\"elementor-divider-separator\">\n\t\t\t\t\t\t<\/span>\n\t\t<\/div>\n\t\t\t\t\t\t<\/div>\n\t\t\t\t<\/div>\n\t\t\t\t<div class=\"elementor-element elementor-element-183417c4 elementor-widget elementor-widget-text-editor\" data-id=\"183417c4\" data-element_type=\"widget\" data-e-type=\"widget\" data-widget_type=\"text-editor.default\">\n\t\t\t\t<div class=\"elementor-widget-container\">\n\t\t\t\t\t\t\t\t\tWir freuen uns, dass Sie Ihren Urlaub bei uns verbringen m\u00f6chten und senden Ihnen so rasch wie m\u00f6glich ein individuelles Angebot zu.\r\n<\/br>\r\n<\/br>\r\nWe are glad that you would like to spend your vacation here and we will send you an individual offer as soon as possible.\t\t\t\t\t\t\t\t<\/div>\n\t\t\t\t<\/div>\n\t\t\t\t<div class=\"elementor-element elementor-element-f1b8b53 elementor-align-center elementor-widget__width-auto elementor-widget elementor-widget-button\" data-id=\"f1b8b53\" data-element_type=\"widget\" data-e-type=\"widget\" data-widget_type=\"button.default\">\n\t\t\t\t<div class=\"elementor-widget-container\">\n\t\t\t\t\t\t\t\t\t<div class=\"elementor-button-wrapper\">\n\t\t\t\t\t<a class=\"elementor-button elementor-button-link elementor-size-sm\" href=\"https:\/\/sunshine-superior.at\/en\/\">\n\t\t\t\t\t\t<span class=\"elementor-button-content-wrapper\">\n\t\t\t\t\t\t\t\t\t<span class=\"elementor-button-text\">Zur\u00fcck zur Startseite<\/span>\n\t\t\t\t\t<\/span>\n\t\t\t\t\t<\/a>\n\t\t\t\t<\/div>\n\t\t\t\t\t\t\t\t<\/div>\n\t\t\t\t<\/div>\n\t\t\t\t<div class=\"elementor-element elementor-element-86636ec elementor-align-center elementor-widget__width-auto elementor-widget elementor-widget-button\" data-id=\"86636ec\" data-element_type=\"widget\" data-e-type=\"widget\" data-widget_type=\"button.default\">\n\t\t\t\t<div class=\"elementor-widget-container\">\n\t\t\t\t\t\t\t\t\t<div class=\"elementor-button-wrapper\">\n\t\t\t\t\t<a class=\"elementor-button elementor-button-link elementor-size-sm\" href=\"https:\/\/sunshine-superior.at\/en\/\">\n\t\t\t\t\t\t<span class=\"elementor-button-content-wrapper\">\n\t\t\t\t\t\t\t\t\t<span class=\"elementor-button-text\">To the homepage<\/span>\n\t\t\t\t\t<\/span>\n\t\t\t\t\t<\/a>\n\t\t\t\t<\/div>\n\t\t\t\t\t\t\t\t<\/div>\n\t\t\t\t<\/div>\n\t\t\t\t\t<\/div>\n\t\t<\/div>\n\t\t\t\t\t<\/div>\n\t\t<\/section>\n\t\t\t\t<\/div>\n\t\t","protected":false},"excerpt":{"rendered":"<p>Vielen Dank f\u00fcr Ihre Anfrage! Thank you very much for your request. Wir freuen uns, dass Sie Ihren Urlaub bei uns verbringen m\u00f6chten und senden Ihnen so rasch wie m\u00f6glich ein individuelles Angebot zu. We are glad that you would like to spend your vacation here and we will send you an individual offer as [&hellip;]<\/p>\n","protected":false},"author":1,"featured_media":0,"parent":2073,"menu_order":1,"comment_status":"closed","ping_status":"closed","template":"","meta":{"_acf_changed":false,"footnotes":""},"class_list":["post-3788","page","type-page","status-publish","hentry"],"acf":[],"yoast_head":"<!-- This site is optimized with the Yoast SEO plugin v27.5 - https:\/\/yoast.com\/product\/yoast-seo-wordpress\/ -->\n<title>request-thank-you - Sunshine Superior<\/title>\n<meta name=\"robots\" content=\"noindex, nofollow\" \/>\n<meta property=\"og:locale\" content=\"en_US\" \/>\n<meta property=\"og:type\" content=\"article\" \/>\n<meta property=\"og:title\" content=\"request-thank-you - Sunshine Superior\" \/>\n<meta property=\"og:description\" content=\"Vielen Dank f\u00fcr Ihre Anfrage! Thank you very much for your request. Wir freuen uns, dass Sie Ihren Urlaub bei uns verbringen m\u00f6chten und senden Ihnen so rasch wie m\u00f6glich ein individuelles Angebot zu. We are glad that you would like to spend your vacation here and we will send you an individual offer as [&hellip;]\" \/>\n<meta property=\"og:url\" content=\"https:\/\/sunshine-superior.at\/en\/request\/request-thank-you\/\" \/>\n<meta property=\"og:site_name\" content=\"Sunshine Superior\" \/>\n<meta property=\"article:modified_time\" content=\"2023-02-13T10:29:18+00:00\" \/>\n<meta name=\"twitter:card\" content=\"summary_large_image\" \/>\n<script type=\"application\/ld+json\" class=\"yoast-schema-graph\">{\"@context\":\"https:\\\/\\\/schema.org\",\"@graph\":[{\"@type\":\"WebPage\",\"@id\":\"https:\\\/\\\/sunshine-superior.at\\\/en\\\/request\\\/request-thank-you\\\/\",\"url\":\"https:\\\/\\\/sunshine-superior.at\\\/en\\\/request\\\/request-thank-you\\\/\",\"name\":\"request-thank-you - Sunshine Superior\",\"isPartOf\":{\"@id\":\"https:\\\/\\\/sunshine-superior.at\\\/en\\\/#website\"},\"datePublished\":\"2022-12-20T09:48:10+00:00\",\"dateModified\":\"2023-02-13T10:29:18+00:00\",\"breadcrumb\":{\"@id\":\"https:\\\/\\\/sunshine-superior.at\\\/en\\\/request\\\/request-thank-you\\\/#breadcrumb\"},\"inLanguage\":\"en-US\",\"potentialAction\":[{\"@type\":\"ReadAction\",\"target\":[\"https:\\\/\\\/sunshine-superior.at\\\/en\\\/request\\\/request-thank-you\\\/\"]}]},{\"@type\":\"BreadcrumbList\",\"@id\":\"https:\\\/\\\/sunshine-superior.at\\\/en\\\/request\\\/request-thank-you\\\/#breadcrumb\",\"itemListElement\":[{\"@type\":\"ListItem\",\"position\":1,\"name\":\"Startseite\",\"item\":\"https:\\\/\\\/sunshine-superior.at\\\/en\\\/\"},{\"@type\":\"ListItem\",\"position\":2,\"name\":\"Request\",\"item\":\"https:\\\/\\\/sunshine-superior.at\\\/en\\\/anfragen\\\/\"},{\"@type\":\"ListItem\",\"position\":3,\"name\":\"request-thank-you\"}]},{\"@type\":\"WebSite\",\"@id\":\"https:\\\/\\\/sunshine-superior.at\\\/en\\\/#website\",\"url\":\"https:\\\/\\\/sunshine-superior.at\\\/en\\\/\",\"name\":\"Sunshine Superior\",\"description\":\"NEU AB 11\\\/22\",\"publisher\":{\"@id\":\"https:\\\/\\\/sunshine-superior.at\\\/en\\\/#organization\"},\"potentialAction\":[{\"@type\":\"SearchAction\",\"target\":{\"@type\":\"EntryPoint\",\"urlTemplate\":\"https:\\\/\\\/sunshine-superior.at\\\/en\\\/?s={search_term_string}\"},\"query-input\":{\"@type\":\"PropertyValueSpecification\",\"valueRequired\":true,\"valueName\":\"search_term_string\"}}],\"inLanguage\":\"en-US\"},{\"@type\":\"Organization\",\"@id\":\"https:\\\/\\\/sunshine-superior.at\\\/en\\\/#organization\",\"name\":\"Sunshine Superior\",\"url\":\"https:\\\/\\\/sunshine-superior.at\\\/en\\\/\",\"logo\":{\"@type\":\"ImageObject\",\"inLanguage\":\"en-US\",\"@id\":\"https:\\\/\\\/sunshine-superior.at\\\/en\\\/#\\\/schema\\\/logo\\\/image\\\/\",\"url\":\"https:\\\/\\\/sunshine-superior.at\\\/wp-content\\\/uploads\\\/2022\\\/04\\\/Sunshine-Superior-Kappl-Logo_4c.png\",\"contentUrl\":\"https:\\\/\\\/sunshine-superior.at\\\/wp-content\\\/uploads\\\/2022\\\/04\\\/Sunshine-Superior-Kappl-Logo_4c.png\",\"width\":284,\"height\":101,\"caption\":\"Sunshine Superior\"},\"image\":{\"@id\":\"https:\\\/\\\/sunshine-superior.at\\\/en\\\/#\\\/schema\\\/logo\\\/image\\\/\"}}]}<\/script>\n<!-- \/ Yoast SEO plugin. -->","yoast_head_json":{"title":"request-thank-you - Sunshine Superior","robots":{"index":"noindex","follow":"nofollow"},"og_locale":"en_US","og_type":"article","og_title":"request-thank-you - Sunshine Superior","og_description":"Vielen Dank f\u00fcr Ihre Anfrage! Thank you very much for your request. Wir freuen uns, dass Sie Ihren Urlaub bei uns verbringen m\u00f6chten und senden Ihnen so rasch wie m\u00f6glich ein individuelles Angebot zu. We are glad that you would like to spend your vacation here and we will send you an individual offer as [&hellip;]","og_url":"https:\/\/sunshine-superior.at\/en\/request\/request-thank-you\/","og_site_name":"Sunshine Superior","article_modified_time":"2023-02-13T10:29:18+00:00","twitter_card":"summary_large_image","schema":{"@context":"https:\/\/schema.org","@graph":[{"@type":"WebPage","@id":"https:\/\/sunshine-superior.at\/en\/request\/request-thank-you\/","url":"https:\/\/sunshine-superior.at\/en\/request\/request-thank-you\/","name":"request-thank-you - Sunshine Superior","isPartOf":{"@id":"https:\/\/sunshine-superior.at\/en\/#website"},"datePublished":"2022-12-20T09:48:10+00:00","dateModified":"2023-02-13T10:29:18+00:00","breadcrumb":{"@id":"https:\/\/sunshine-superior.at\/en\/request\/request-thank-you\/#breadcrumb"},"inLanguage":"en-US","potentialAction":[{"@type":"ReadAction","target":["https:\/\/sunshine-superior.at\/en\/request\/request-thank-you\/"]}]},{"@type":"BreadcrumbList","@id":"https:\/\/sunshine-superior.at\/en\/request\/request-thank-you\/#breadcrumb","itemListElement":[{"@type":"ListItem","position":1,"name":"Startseite","item":"https:\/\/sunshine-superior.at\/en\/"},{"@type":"ListItem","position":2,"name":"Request","item":"https:\/\/sunshine-superior.at\/en\/anfragen\/"},{"@type":"ListItem","position":3,"name":"request-thank-you"}]},{"@type":"WebSite","@id":"https:\/\/sunshine-superior.at\/en\/#website","url":"https:\/\/sunshine-superior.at\/en\/","name":"Sunshine Superior","description":"NEU AB 11\/22","publisher":{"@id":"https:\/\/sunshine-superior.at\/en\/#organization"},"potentialAction":[{"@type":"SearchAction","target":{"@type":"EntryPoint","urlTemplate":"https:\/\/sunshine-superior.at\/en\/?s={search_term_string}"},"query-input":{"@type":"PropertyValueSpecification","valueRequired":true,"valueName":"search_term_string"}}],"inLanguage":"en-US"},{"@type":"Organization","@id":"https:\/\/sunshine-superior.at\/en\/#organization","name":"Sunshine Superior","url":"https:\/\/sunshine-superior.at\/en\/","logo":{"@type":"ImageObject","inLanguage":"en-US","@id":"https:\/\/sunshine-superior.at\/en\/#\/schema\/logo\/image\/","url":"https:\/\/sunshine-superior.at\/wp-content\/uploads\/2022\/04\/Sunshine-Superior-Kappl-Logo_4c.png","contentUrl":"https:\/\/sunshine-superior.at\/wp-content\/uploads\/2022\/04\/Sunshine-Superior-Kappl-Logo_4c.png","width":284,"height":101,"caption":"Sunshine Superior"},"image":{"@id":"https:\/\/sunshine-superior.at\/en\/#\/schema\/logo\/image\/"}}]}},"publishpress_future_action":{"enabled":false,"date":"2026-05-17 17:45:23","action":"change-status","newStatus":"draft","terms":[],"taxonomy":"translation_priority","extraData":[]},"publishpress_future_workflow_manual_trigger":{"enabledWorkflows":[]},"_links":{"self":[{"href":"https:\/\/sunshine-superior.at\/en\/wp-json\/wp\/v2\/pages\/3788","targetHints":{"allow":["GET"]}}],"collection":[{"href":"https:\/\/sunshine-superior.at\/en\/wp-json\/wp\/v2\/pages"}],"about":[{"href":"https:\/\/sunshine-superior.at\/en\/wp-json\/wp\/v2\/types\/page"}],"author":[{"embeddable":true,"href":"https:\/\/sunshine-superior.at\/en\/wp-json\/wp\/v2\/users\/1"}],"replies":[{"embeddable":true,"href":"https:\/\/sunshine-superior.at\/en\/wp-json\/wp\/v2\/comments?post=3788"}],"version-history":[{"count":8,"href":"https:\/\/sunshine-superior.at\/en\/wp-json\/wp\/v2\/pages\/3788\/revisions"}],"predecessor-version":[{"id":3990,"href":"https:\/\/sunshine-superior.at\/en\/wp-json\/wp\/v2\/pages\/3788\/revisions\/3990"}],"up":[{"embeddable":true,"href":"https:\/\/sunshine-superior.at\/en\/wp-json\/wp\/v2\/pages\/2073"}],"wp:attachment":[{"href":"https:\/\/sunshine-superior.at\/en\/wp-json\/wp\/v2\/media?parent=3788"}],"curies":[{"name":"wp","href":"https:\/\/api.w.org\/{rel}","templated":true}]}}