{"id":3799,"date":"2022-12-20T10:01:06","date_gmt":"2022-12-20T10:01:06","guid":{"rendered":"https:\/\/sunshine-superior.at\/booking\/book-thank-you\/"},"modified":"2023-02-13T10:34:10","modified_gmt":"2023-02-13T10:34:10","slug":"book-thank-you","status":"publish","type":"page","link":"https:\/\/sunshine-superior.at\/en\/booking\/book-thank-you\/","title":{"rendered":"book-thank-you"},"content":{"rendered":"\t\t<div data-elementor-type=\"wp-page\" data-elementor-id=\"3799\" class=\"elementor elementor-3799 elementor-3527\" data-elementor-post-type=\"page\">\n\t\t\t\t\t\t<section class=\"elementor-section elementor-top-section elementor-element elementor-element-59613131 elementor-section-height-min-height elementor-section-boxed elementor-section-height-default elementor-section-items-middle\" data-id=\"59613131\" data-element_type=\"section\" data-e-type=\"section\" data-settings=\"{&quot;background_background&quot;:&quot;classic&quot;}\">\n\t\t\t\t\t\t<div class=\"elementor-container elementor-column-gap-default\">\n\t\t\t\t\t<div class=\"elementor-column elementor-col-100 elementor-top-column elementor-element elementor-element-60abaa4\" data-id=\"60abaa4\" data-element_type=\"column\" data-e-type=\"column\">\n\t\t\t<div class=\"elementor-widget-wrap elementor-element-populated\">\n\t\t\t\t\t\t<div class=\"elementor-element elementor-element-15bd8512 elementor-widget elementor-widget-heading\" data-id=\"15bd8512\" data-element_type=\"widget\" data-e-type=\"widget\" data-widget_type=\"heading.default\">\n\t\t\t\t<div class=\"elementor-widget-container\">\n\t\t\t\t\t<h2 class=\"elementor-heading-title elementor-size-default\">Vielen Dank f\u00fcr Ihre Buchung!<\/h2>\t\t\t\t<\/div>\n\t\t\t\t<\/div>\n\t\t\t\t<div class=\"elementor-element elementor-element-0cf51e6 elementor-widget elementor-widget-heading\" data-id=\"0cf51e6\" data-element_type=\"widget\" data-e-type=\"widget\" data-widget_type=\"heading.default\">\n\t\t\t\t<div class=\"elementor-widget-container\">\n\t\t\t\t\t<h2 class=\"elementor-heading-title elementor-size-default\">Thank you for your booking!<\/h2>\t\t\t\t<\/div>\n\t\t\t\t<\/div>\n\t\t\t\t<div class=\"elementor-element elementor-element-ccf3be4 elementor-widget-divider--view-line elementor-widget elementor-widget-divider\" data-id=\"ccf3be4\" data-element_type=\"widget\" data-e-type=\"widget\" data-widget_type=\"divider.default\">\n\t\t\t\t<div class=\"elementor-widget-container\">\n\t\t\t\t\t\t\t<div class=\"elementor-divider\">\n\t\t\t<span class=\"elementor-divider-separator\">\n\t\t\t\t\t\t<\/span>\n\t\t<\/div>\n\t\t\t\t\t\t<\/div>\n\t\t\t\t<\/div>\n\t\t\t\t<div class=\"elementor-element elementor-element-f99e8e2 elementor-widget elementor-widget-text-editor\" data-id=\"f99e8e2\" data-element_type=\"widget\" data-e-type=\"widget\" data-widget_type=\"text-editor.default\">\n\t\t\t\t<div class=\"elementor-widget-container\">\n\t\t\t\t\t\t\t\t\t<p>In K\u00fcrze erhalten Sie eine Best\u00e4tigungsmail mit den Details Ihrer Buchung. Wir freuen uns Sie bei uns im Sunshine Superior begr\u00fc\u00dfen zu d\u00fcrfen.<\/p>\n<p><em>If you have any questions in advance, please do not hesitate to contact us by phone or e-mail.<\/em><br \/>\n<em>To really enjoy the anticipation and in case you\u2019d like to already plan an adventure or two, feel free to have a look at our website.<\/em><\/p>\n\t\t\t\t\t\t\t\t<\/div>\n\t\t\t\t<\/div>\n\t\t\t\t<div class=\"elementor-element elementor-element-5abd89f elementor-align-center elementor-widget__width-auto elementor-widget elementor-widget-button\" data-id=\"5abd89f\" data-element_type=\"widget\" data-e-type=\"widget\" data-widget_type=\"button.default\">\n\t\t\t\t<div class=\"elementor-widget-container\">\n\t\t\t\t\t\t\t\t\t<div class=\"elementor-button-wrapper\">\n\t\t\t\t\t<a class=\"elementor-button elementor-button-link elementor-size-sm\" href=\"https:\/\/sunshine-superior.at\/en\/\">\n\t\t\t\t\t\t<span class=\"elementor-button-content-wrapper\">\n\t\t\t\t\t\t\t\t\t<span class=\"elementor-button-text\">Zur\u00fcck zur Startseite<\/span>\n\t\t\t\t\t<\/span>\n\t\t\t\t\t<\/a>\n\t\t\t\t<\/div>\n\t\t\t\t\t\t\t\t<\/div>\n\t\t\t\t<\/div>\n\t\t\t\t<div class=\"elementor-element elementor-element-b27e60a elementor-align-center elementor-widget__width-auto elementor-widget elementor-widget-button\" data-id=\"b27e60a\" data-element_type=\"widget\" data-e-type=\"widget\" data-widget_type=\"button.default\">\n\t\t\t\t<div class=\"elementor-widget-container\">\n\t\t\t\t\t\t\t\t\t<div class=\"elementor-button-wrapper\">\n\t\t\t\t\t<a class=\"elementor-button elementor-button-link elementor-size-sm\" href=\"https:\/\/sunshine-superior.at\/en\/\">\n\t\t\t\t\t\t<span class=\"elementor-button-content-wrapper\">\n\t\t\t\t\t\t\t\t\t<span class=\"elementor-button-text\">To the homepage<\/span>\n\t\t\t\t\t<\/span>\n\t\t\t\t\t<\/a>\n\t\t\t\t<\/div>\n\t\t\t\t\t\t\t\t<\/div>\n\t\t\t\t<\/div>\n\t\t\t\t\t<\/div>\n\t\t<\/div>\n\t\t\t\t\t<\/div>\n\t\t<\/section>\n\t\t\t\t<\/div>\n\t\t","protected":false},"excerpt":{"rendered":"<p>Vielen Dank f\u00fcr Ihre Buchung! Thank you for your booking! In K\u00fcrze erhalten Sie eine Best\u00e4tigungsmail mit den Details Ihrer Buchung. Wir freuen uns Sie bei uns im Sunshine Superior begr\u00fc\u00dfen zu d\u00fcrfen. If you have any questions in advance, please do not hesitate to contact us by phone or e-mail. To really enjoy the [&hellip;]<\/p>\n","protected":false},"author":1,"featured_media":0,"parent":2075,"menu_order":1,"comment_status":"closed","ping_status":"closed","template":"","meta":{"_acf_changed":false,"footnotes":""},"class_list":["post-3799","page","type-page","status-publish","hentry"],"acf":[],"yoast_head":"<!-- This site is optimized with the Yoast SEO plugin v27.4 - https:\/\/yoast.com\/product\/yoast-seo-wordpress\/ -->\n<title>book-thank-you - Sunshine Superior<\/title>\n<meta name=\"robots\" content=\"noindex, nofollow\" \/>\n<meta property=\"og:locale\" content=\"en_US\" \/>\n<meta property=\"og:type\" content=\"article\" \/>\n<meta property=\"og:title\" content=\"book-thank-you - Sunshine Superior\" \/>\n<meta property=\"og:description\" content=\"Vielen Dank f\u00fcr Ihre Buchung! Thank you for your booking! In K\u00fcrze erhalten Sie eine Best\u00e4tigungsmail mit den Details Ihrer Buchung. Wir freuen uns Sie bei uns im Sunshine Superior begr\u00fc\u00dfen zu d\u00fcrfen. If you have any questions in advance, please do not hesitate to contact us by phone or e-mail. To really enjoy the [&hellip;]\" \/>\n<meta property=\"og:url\" content=\"https:\/\/sunshine-superior.at\/en\/booking\/book-thank-you\/\" \/>\n<meta property=\"og:site_name\" content=\"Sunshine Superior\" \/>\n<meta property=\"article:modified_time\" content=\"2023-02-13T10:34:10+00:00\" \/>\n<meta name=\"twitter:card\" content=\"summary_large_image\" \/>\n<script type=\"application\/ld+json\" class=\"yoast-schema-graph\">{\"@context\":\"https:\\\/\\\/schema.org\",\"@graph\":[{\"@type\":\"WebPage\",\"@id\":\"https:\\\/\\\/sunshine-superior.at\\\/en\\\/booking\\\/book-thank-you\\\/\",\"url\":\"https:\\\/\\\/sunshine-superior.at\\\/en\\\/booking\\\/book-thank-you\\\/\",\"name\":\"book-thank-you - Sunshine Superior\",\"isPartOf\":{\"@id\":\"https:\\\/\\\/sunshine-superior.at\\\/en\\\/#website\"},\"datePublished\":\"2022-12-20T10:01:06+00:00\",\"dateModified\":\"2023-02-13T10:34:10+00:00\",\"breadcrumb\":{\"@id\":\"https:\\\/\\\/sunshine-superior.at\\\/en\\\/booking\\\/book-thank-you\\\/#breadcrumb\"},\"inLanguage\":\"en-US\",\"potentialAction\":[{\"@type\":\"ReadAction\",\"target\":[\"https:\\\/\\\/sunshine-superior.at\\\/en\\\/booking\\\/book-thank-you\\\/\"]}]},{\"@type\":\"BreadcrumbList\",\"@id\":\"https:\\\/\\\/sunshine-superior.at\\\/en\\\/booking\\\/book-thank-you\\\/#breadcrumb\",\"itemListElement\":[{\"@type\":\"ListItem\",\"position\":1,\"name\":\"Startseite\",\"item\":\"https:\\\/\\\/sunshine-superior.at\\\/en\\\/\"},{\"@type\":\"ListItem\",\"position\":2,\"name\":\"Booking\",\"item\":\"https:\\\/\\\/sunshine-superior.at\\\/en\\\/buchen\\\/\"},{\"@type\":\"ListItem\",\"position\":3,\"name\":\"book-thank-you\"}]},{\"@type\":\"WebSite\",\"@id\":\"https:\\\/\\\/sunshine-superior.at\\\/en\\\/#website\",\"url\":\"https:\\\/\\\/sunshine-superior.at\\\/en\\\/\",\"name\":\"Sunshine Superior\",\"description\":\"NEU AB 11\\\/22\",\"publisher\":{\"@id\":\"https:\\\/\\\/sunshine-superior.at\\\/en\\\/#organization\"},\"potentialAction\":[{\"@type\":\"SearchAction\",\"target\":{\"@type\":\"EntryPoint\",\"urlTemplate\":\"https:\\\/\\\/sunshine-superior.at\\\/en\\\/?s={search_term_string}\"},\"query-input\":{\"@type\":\"PropertyValueSpecification\",\"valueRequired\":true,\"valueName\":\"search_term_string\"}}],\"inLanguage\":\"en-US\"},{\"@type\":\"Organization\",\"@id\":\"https:\\\/\\\/sunshine-superior.at\\\/en\\\/#organization\",\"name\":\"Sunshine Superior\",\"url\":\"https:\\\/\\\/sunshine-superior.at\\\/en\\\/\",\"logo\":{\"@type\":\"ImageObject\",\"inLanguage\":\"en-US\",\"@id\":\"https:\\\/\\\/sunshine-superior.at\\\/en\\\/#\\\/schema\\\/logo\\\/image\\\/\",\"url\":\"https:\\\/\\\/sunshine-superior.at\\\/wp-content\\\/uploads\\\/2022\\\/04\\\/Sunshine-Superior-Kappl-Logo_4c.png\",\"contentUrl\":\"https:\\\/\\\/sunshine-superior.at\\\/wp-content\\\/uploads\\\/2022\\\/04\\\/Sunshine-Superior-Kappl-Logo_4c.png\",\"width\":284,\"height\":101,\"caption\":\"Sunshine Superior\"},\"image\":{\"@id\":\"https:\\\/\\\/sunshine-superior.at\\\/en\\\/#\\\/schema\\\/logo\\\/image\\\/\"}}]}<\/script>\n<!-- \/ Yoast SEO plugin. -->","yoast_head_json":{"title":"book-thank-you - Sunshine Superior","robots":{"index":"noindex","follow":"nofollow"},"og_locale":"en_US","og_type":"article","og_title":"book-thank-you - Sunshine Superior","og_description":"Vielen Dank f\u00fcr Ihre Buchung! Thank you for your booking! In K\u00fcrze erhalten Sie eine Best\u00e4tigungsmail mit den Details Ihrer Buchung. Wir freuen uns Sie bei uns im Sunshine Superior begr\u00fc\u00dfen zu d\u00fcrfen. If you have any questions in advance, please do not hesitate to contact us by phone or e-mail. To really enjoy the [&hellip;]","og_url":"https:\/\/sunshine-superior.at\/en\/booking\/book-thank-you\/","og_site_name":"Sunshine Superior","article_modified_time":"2023-02-13T10:34:10+00:00","twitter_card":"summary_large_image","schema":{"@context":"https:\/\/schema.org","@graph":[{"@type":"WebPage","@id":"https:\/\/sunshine-superior.at\/en\/booking\/book-thank-you\/","url":"https:\/\/sunshine-superior.at\/en\/booking\/book-thank-you\/","name":"book-thank-you - Sunshine Superior","isPartOf":{"@id":"https:\/\/sunshine-superior.at\/en\/#website"},"datePublished":"2022-12-20T10:01:06+00:00","dateModified":"2023-02-13T10:34:10+00:00","breadcrumb":{"@id":"https:\/\/sunshine-superior.at\/en\/booking\/book-thank-you\/#breadcrumb"},"inLanguage":"en-US","potentialAction":[{"@type":"ReadAction","target":["https:\/\/sunshine-superior.at\/en\/booking\/book-thank-you\/"]}]},{"@type":"BreadcrumbList","@id":"https:\/\/sunshine-superior.at\/en\/booking\/book-thank-you\/#breadcrumb","itemListElement":[{"@type":"ListItem","position":1,"name":"Startseite","item":"https:\/\/sunshine-superior.at\/en\/"},{"@type":"ListItem","position":2,"name":"Booking","item":"https:\/\/sunshine-superior.at\/en\/buchen\/"},{"@type":"ListItem","position":3,"name":"book-thank-you"}]},{"@type":"WebSite","@id":"https:\/\/sunshine-superior.at\/en\/#website","url":"https:\/\/sunshine-superior.at\/en\/","name":"Sunshine Superior","description":"NEU AB 11\/22","publisher":{"@id":"https:\/\/sunshine-superior.at\/en\/#organization"},"potentialAction":[{"@type":"SearchAction","target":{"@type":"EntryPoint","urlTemplate":"https:\/\/sunshine-superior.at\/en\/?s={search_term_string}"},"query-input":{"@type":"PropertyValueSpecification","valueRequired":true,"valueName":"search_term_string"}}],"inLanguage":"en-US"},{"@type":"Organization","@id":"https:\/\/sunshine-superior.at\/en\/#organization","name":"Sunshine Superior","url":"https:\/\/sunshine-superior.at\/en\/","logo":{"@type":"ImageObject","inLanguage":"en-US","@id":"https:\/\/sunshine-superior.at\/en\/#\/schema\/logo\/image\/","url":"https:\/\/sunshine-superior.at\/wp-content\/uploads\/2022\/04\/Sunshine-Superior-Kappl-Logo_4c.png","contentUrl":"https:\/\/sunshine-superior.at\/wp-content\/uploads\/2022\/04\/Sunshine-Superior-Kappl-Logo_4c.png","width":284,"height":101,"caption":"Sunshine Superior"},"image":{"@id":"https:\/\/sunshine-superior.at\/en\/#\/schema\/logo\/image\/"}}]}},"publishpress_future_action":{"enabled":false,"date":"2026-04-22 09:30:53","action":"change-status","newStatus":"draft","terms":[],"taxonomy":"translation_priority","extraData":[]},"publishpress_future_workflow_manual_trigger":{"enabledWorkflows":[]},"_links":{"self":[{"href":"https:\/\/sunshine-superior.at\/en\/wp-json\/wp\/v2\/pages\/3799","targetHints":{"allow":["GET"]}}],"collection":[{"href":"https:\/\/sunshine-superior.at\/en\/wp-json\/wp\/v2\/pages"}],"about":[{"href":"https:\/\/sunshine-superior.at\/en\/wp-json\/wp\/v2\/types\/page"}],"author":[{"embeddable":true,"href":"https:\/\/sunshine-superior.at\/en\/wp-json\/wp\/v2\/users\/1"}],"replies":[{"embeddable":true,"href":"https:\/\/sunshine-superior.at\/en\/wp-json\/wp\/v2\/comments?post=3799"}],"version-history":[{"count":4,"href":"https:\/\/sunshine-superior.at\/en\/wp-json\/wp\/v2\/pages\/3799\/revisions"}],"predecessor-version":[{"id":3994,"href":"https:\/\/sunshine-superior.at\/en\/wp-json\/wp\/v2\/pages\/3799\/revisions\/3994"}],"up":[{"embeddable":true,"href":"https:\/\/sunshine-superior.at\/en\/wp-json\/wp\/v2\/pages\/2075"}],"wp:attachment":[{"href":"https:\/\/sunshine-superior.at\/en\/wp-json\/wp\/v2\/media?parent=3799"}],"curies":[{"name":"wp","href":"https:\/\/api.w.org\/{rel}","templated":true}]}}